{"id":278,"date":"2024-04-15T12:01:01","date_gmt":"2024-04-15T10:01:01","guid":{"rendered":"https:\/\/www.musee-louis-derbre.com\/?page_id=278"},"modified":"2026-03-31T01:16:52","modified_gmt":"2026-03-30T23:16:52","slug":"se-marier-2","status":"publish","type":"page","link":"https:\/\/www.musee-louis-derbre.com\/en\/se-marier-2\/","title":{"rendered":"CORPORATE EVENTS"},"content":{"rendered":"<div data-elementor-type=\"wp-page\" data-elementor-id=\"278\" class=\"elementor elementor-278\" data-elementor-post-type=\"page\">\n\t\t\t\t<div class=\"elementor-element elementor-element-c008918 e-con-full e-flex e-con e-parent\" data-id=\"c008918\" data-element_type=\"container\" data-settings=\"{&quot;background_background&quot;:&quot;classic&quot;}\">\n\t\t\t\t<div class=\"elementor-element elementor-element-9be3e16 elementor-widget elementor-widget-heading\" data-id=\"9be3e16\" data-element_type=\"widget\" data-widget_type=\"heading.default\">\n\t\t\t\t<div class=\"elementor-widget-container\">\n\t\t\t\t\t<h2 class=\"elementor-heading-title elementor-size-default\">Professional events<br>\nau ch\u00e2teau de conon<\/h2>\t\t\t\t<\/div>\n\t\t\t\t<\/div>\n\t\t\t\t<\/div>\n\t\t<div class=\"elementor-element elementor-element-5b0c97b e-con-full lesite e-flex e-con e-parent\" data-id=\"5b0c97b\" data-element_type=\"container\" id=\"lesite\" data-settings=\"{&quot;background_background&quot;:&quot;classic&quot;}\">\n\t\t\t\t<div class=\"elementor-element elementor-element-a57373c elementor-absolute elementor-widget elementor-widget-image\" data-id=\"a57373c\" data-element_type=\"widget\" data-settings=\"{&quot;_position&quot;:&quot;absolute&quot;}\" data-widget_type=\"image.default\">\n\t\t\t\t<div class=\"elementor-widget-container\">\n\t\t\t\t\t\t\t\t\t\t\t\t\t\t\t<img fetchpriority=\"high\" decoding=\"async\" width=\"512\" height=\"512\" src=\"https:\/\/www.musee-louis-derbre.com\/wp-content\/uploads\/2024\/04\/cropped-ICON_LOGO-MUSEE_PROMENADE_LOUIS_DERBRE_NOIR.png\" class=\"attachment-full size-full wp-image-95\" alt=\"\" srcset=\"https:\/\/www.musee-louis-derbre.com\/wp-content\/uploads\/2024\/04\/cropped-ICON_LOGO-MUSEE_PROMENADE_LOUIS_DERBRE_NOIR.png 512w, https:\/\/www.musee-louis-derbre.com\/wp-content\/uploads\/2024\/04\/cropped-ICON_LOGO-MUSEE_PROMENADE_LOUIS_DERBRE_NOIR-300x300.png 300w, https:\/\/www.musee-louis-derbre.com\/wp-content\/uploads\/2024\/04\/cropped-ICON_LOGO-MUSEE_PROMENADE_LOUIS_DERBRE_NOIR-150x150.png 150w, https:\/\/www.musee-louis-derbre.com\/wp-content\/uploads\/2024\/04\/cropped-ICON_LOGO-MUSEE_PROMENADE_LOUIS_DERBRE_NOIR-270x270.png 270w, https:\/\/www.musee-louis-derbre.com\/wp-content\/uploads\/2024\/04\/cropped-ICON_LOGO-MUSEE_PROMENADE_LOUIS_DERBRE_NOIR-192x192.png 192w, https:\/\/www.musee-louis-derbre.com\/wp-content\/uploads\/2024\/04\/cropped-ICON_LOGO-MUSEE_PROMENADE_LOUIS_DERBRE_NOIR-180x180.png 180w, https:\/\/www.musee-louis-derbre.com\/wp-content\/uploads\/2024\/04\/cropped-ICON_LOGO-MUSEE_PROMENADE_LOUIS_DERBRE_NOIR-32x32.png 32w\" sizes=\"(max-width: 512px) 100vw, 512px\" \/>\t\t\t\t\t\t\t\t\t\t\t\t\t\t\t<\/div>\n\t\t\t\t<\/div>\n\t\t<div class=\"elementor-element elementor-element-61535d3 e-flex e-con-boxed e-con e-child\" data-id=\"61535d3\" data-element_type=\"container\">\n\t\t\t\t\t<div class=\"e-con-inner\">\n\t\t<div class=\"elementor-element elementor-element-aff9acd e-con-full e-flex elementor-invisible e-con e-child\" data-id=\"aff9acd\" data-element_type=\"container\" data-settings=\"{&quot;animation&quot;:&quot;fadeInLeft&quot;}\">\n\t\t\t\t<div class=\"elementor-element elementor-element-9ac5a0a elementor-widget elementor-widget-heading\" data-id=\"9ac5a0a\" data-element_type=\"widget\" data-widget_type=\"heading.default\">\n\t\t\t\t<div class=\"elementor-widget-container\">\n\t\t\t\t\t<h2 class=\"elementor-heading-title elementor-size-default\">Le site du ch\u00e2teau de conon<\/h2>\t\t\t\t<\/div>\n\t\t\t\t<\/div>\n\t\t\t\t<div class=\"elementor-element elementor-element-aaccc53 elementor-widget elementor-widget-text-editor\" data-id=\"aaccc53\" data-element_type=\"widget\" data-widget_type=\"text-editor.default\">\n\t\t\t\t<div class=\"elementor-widget-container\">\n\t\t\t\t\t\t\t\t\t<p>Bienvenue au Ch\u00e2teau de Conon, un lieu d&rsquo;exception o\u00f9 l&rsquo;histoire, l&rsquo;art et le professionnalisme se rencontrent pour offrir une exp\u00e9rience unique pour vos \u00e9v\u00e9nements d&rsquo;entreprise. Nich\u00e9 \u00e0 Cellettes, dans le d\u00e9partement du Loir-et-Cher (41), \u00e0 seulement 20 minutes au sud de Blois, notre domaine prestigieux vous accueille pour des r\u00e9ceptions professionnelles m\u00e9morables.<\/p>\t\t\t\t\t\t\t\t<\/div>\n\t\t\t\t<\/div>\n\t\t\t\t<\/div>\n\t\t\t\t<div class=\"elementor-element elementor-element-7af12e9 elementor-widget__width-initial elementor-invisible elementor-widget elementor-widget-image\" data-id=\"7af12e9\" data-element_type=\"widget\" data-settings=\"{&quot;_animation&quot;:&quot;fadeInRight&quot;}\" data-widget_type=\"image.default\">\n\t\t\t\t<div class=\"elementor-widget-container\">\n\t\t\t\t\t\t\t\t\t\t\t\t\t\t\t<img decoding=\"async\" width=\"1800\" height=\"1200\" src=\"https:\/\/www.musee-louis-derbre.com\/wp-content\/uploads\/2024\/04\/chateau-conon-evenements-professionels-1.jpg\" class=\"attachment-full size-full wp-image-501\" alt=\"\" srcset=\"https:\/\/www.musee-louis-derbre.com\/wp-content\/uploads\/2024\/04\/chateau-conon-evenements-professionels-1.jpg 1800w, https:\/\/www.musee-louis-derbre.com\/wp-content\/uploads\/2024\/04\/chateau-conon-evenements-professionels-1-300x200.jpg 300w, https:\/\/www.musee-louis-derbre.com\/wp-content\/uploads\/2024\/04\/chateau-conon-evenements-professionels-1-1024x683.jpg 1024w, https:\/\/www.musee-louis-derbre.com\/wp-content\/uploads\/2024\/04\/chateau-conon-evenements-professionels-1-768x512.jpg 768w, https:\/\/www.musee-louis-derbre.com\/wp-content\/uploads\/2024\/04\/chateau-conon-evenements-professionels-1-1536x1024.jpg 1536w\" sizes=\"(max-width: 1800px) 100vw, 1800px\" \/>\t\t\t\t\t\t\t\t\t\t\t\t\t\t\t<\/div>\n\t\t\t\t<\/div>\n\t\t\t\t\t<\/div>\n\t\t\t\t<\/div>\n\t\t\t\t<\/div>\n\t\t<div class=\"elementor-element elementor-element-8126e64 e-con-full evenementspros e-flex e-con e-parent\" data-id=\"8126e64\" data-element_type=\"container\" id=\"evenementspros\">\n\t\t<div class=\"elementor-element elementor-element-34abe41 e-flex e-con-boxed e-con e-child\" data-id=\"34abe41\" data-element_type=\"container\">\n\t\t\t\t\t<div class=\"e-con-inner\">\n\t\t<div class=\"elementor-element elementor-element-4d726ff e-con-full e-flex elementor-invisible e-con e-child\" data-id=\"4d726ff\" data-element_type=\"container\" data-settings=\"{&quot;background_background&quot;:&quot;classic&quot;,&quot;animation&quot;:&quot;fadeIn&quot;}\">\n\t\t<div class=\"elementor-element elementor-element-67b37dd e-flex e-con-boxed e-con e-child\" data-id=\"67b37dd\" data-element_type=\"container\">\n\t\t\t\t\t<div class=\"e-con-inner\">\n\t\t\t\t<div class=\"elementor-element elementor-element-bef5143 elementor-widget elementor-widget-heading\" data-id=\"bef5143\" data-element_type=\"widget\" data-widget_type=\"heading.default\">\n\t\t\t\t<div class=\"elementor-widget-container\">\n\t\t\t\t\t<h2 class=\"elementor-heading-title elementor-size-default\">Professional events<\/h2>\t\t\t\t<\/div>\n\t\t\t\t<\/div>\n\t\t\t\t<div class=\"elementor-element elementor-element-1e5b138 elementor-widget elementor-widget-text-editor\" data-id=\"1e5b138\" data-element_type=\"widget\" data-widget_type=\"text-editor.default\">\n\t\t\t\t<div class=\"elementor-widget-container\">\n\t\t\t\t\t\t\t\t\t<p>Profitez de nos salles de r\u00e9ception \u00e9l\u00e9gantes et polyvalentes pour accueillir vos r\u00e9unions, s\u00e9minaires, conf\u00e9rences et autres \u00e9v\u00e9nements d&rsquo;entreprise. Compl\u00e9tez votre s\u00e9jour avec nos g\u00eetes de charme, offrant tout le confort n\u00e9cessaire pour un h\u00e9bergement luxueux. Apr\u00e8s une journ\u00e9e de travail productive, d\u00e9tendez-vous au bord de notre piscine et profitez de moments de convivialit\u00e9 entre coll\u00e8gues.<\/p><p>Pour compl\u00e9ter votre \u00e9v\u00e9nement, nous vous proposons une s\u00e9lection de partenaires de confiance, y compris des traiteurs renomm\u00e9s pour ravir vos papilles avec une cuisine raffin\u00e9e et des DJ professionnels pour animer vos soir\u00e9es.<\/p><p><strong>* Pour plus d&rsquo;informations ou r\u00e9server le lieu, veuillez nous contacter.<\/strong><\/p>\t\t\t\t\t\t\t\t<\/div>\n\t\t\t\t<\/div>\n\t\t<div class=\"elementor-element elementor-element-3783d52 e-flex e-con-boxed e-con e-child\" data-id=\"3783d52\" data-element_type=\"container\">\n\t\t\t\t\t<div class=\"e-con-inner\">\n\t\t\t\t<div class=\"elementor-element elementor-element-5aab243 elementor-widget elementor-widget-heading\" data-id=\"5aab243\" data-element_type=\"widget\" data-widget_type=\"heading.default\">\n\t\t\t\t<div class=\"elementor-widget-container\">\n\t\t\t\t\t<span class=\"elementor-heading-title elementor-size-default\">1 - 150 persones<\/span>\t\t\t\t<\/div>\n\t\t\t\t<\/div>\n\t\t\t\t\t<\/div>\n\t\t\t\t<\/div>\n\t\t\t\t\t<\/div>\n\t\t\t\t<\/div>\n\t\t\t\t<div class=\"elementor-element elementor-element-c2c6777 elementor-widget__width-initial elementor-widget elementor-widget-image\" data-id=\"c2c6777\" data-element_type=\"widget\" data-widget_type=\"image.default\">\n\t\t\t\t<div class=\"elementor-widget-container\">\n\t\t\t\t\t\t\t\t\t\t\t\t\t\t\t<img decoding=\"async\" width=\"538\" height=\"746\" src=\"https:\/\/www.musee-louis-derbre.com\/wp-content\/uploads\/2024\/04\/chateau-conon-accueil-8.jpg\" class=\"attachment-full size-full wp-image-541\" alt=\"\" srcset=\"https:\/\/www.musee-louis-derbre.com\/wp-content\/uploads\/2024\/04\/chateau-conon-accueil-8.jpg 538w, https:\/\/www.musee-louis-derbre.com\/wp-content\/uploads\/2024\/04\/chateau-conon-accueil-8-216x300.jpg 216w\" sizes=\"(max-width: 538px) 100vw, 538px\" \/>\t\t\t\t\t\t\t\t\t\t\t\t\t\t\t<\/div>\n\t\t\t\t<\/div>\n\t\t\t\t<\/div>\n\t\t\t\t\t<\/div>\n\t\t\t\t<\/div>\n\t\t\t\t<\/div>\n\t\t<div class=\"elementor-element elementor-element-afc1f0b e-con-full lesplus e-flex e-con e-parent\" data-id=\"afc1f0b\" data-element_type=\"container\" id=\"lesplus\">\n\t\t<div class=\"elementor-element elementor-element-7f19cea e-flex e-con-boxed e-con e-child\" data-id=\"7f19cea\" data-element_type=\"container\">\n\t\t\t\t\t<div class=\"e-con-inner\">\n\t\t<div class=\"elementor-element elementor-element-dfc92a1 e-flex e-con-boxed e-con e-child\" data-id=\"dfc92a1\" data-element_type=\"container\">\n\t\t\t\t\t<div class=\"e-con-inner\">\n\t\t\t\t<div class=\"elementor-element elementor-element-2de27b1 elementor-widget elementor-widget-heading\" data-id=\"2de27b1\" data-element_type=\"widget\" data-widget_type=\"heading.default\">\n\t\t\t\t<div class=\"elementor-widget-container\">\n\t\t\t\t\t<h2 class=\"elementor-heading-title elementor-size-default\">un environnement<br> singulier...<\/h2>\t\t\t\t<\/div>\n\t\t\t\t<\/div>\n\t\t\t\t<div class=\"elementor-element elementor-element-d924125 elementor-widget elementor-widget-text-editor\" data-id=\"d924125\" data-element_type=\"widget\" data-widget_type=\"text-editor.default\">\n\t\t\t\t<div class=\"elementor-widget-container\">\n\t\t\t\t\t\t\t\t\tD\u00e9couvrez un environnement enchanteur o\u00f9 se m\u00ealent histoire et modernit\u00e9. Notre mus\u00e9e-promenade d\u00e9di\u00e9 \u00e0 l&rsquo;\u0153uvre du c\u00e9l\u00e8bre sculpteur Louis Derbr\u00e9 offre une exp\u00e9rience artistique immersive, id\u00e9ale pour stimuler la cr\u00e9ativit\u00e9 et favoriser la r\u00e9flexion lors de vos \u00e9v\u00e9nements professionnels.<br><br>\nExplorez les bienfaits de la mus\u00e9oth\u00e9rapie en offrant \u00e0 vos collaborateurs une exp\u00e9rience unique au c\u0153ur de notre mus\u00e9e-promenade. Laissez les \u0153uvres captivantes de Louis Derbr\u00e9 guider vos r\u00e9flexions et favoriser le bien-\u00eatre mental et \u00e9motionnel de vos \u00e9quipes.\t\t\t\t\t\t\t\t<\/div>\n\t\t\t\t<\/div>\n\t\t\t\t\t<\/div>\n\t\t\t\t<\/div>\n\t\t\t\t<div class=\"elementor-element elementor-element-a56222a elementor-widget__width-initial elementor-widget elementor-widget-image\" data-id=\"a56222a\" data-element_type=\"widget\" data-widget_type=\"image.default\">\n\t\t\t\t<div class=\"elementor-widget-container\">\n\t\t\t\t\t\t\t\t\t\t\t\t\t\t\t<img loading=\"lazy\" decoding=\"async\" width=\"1800\" height=\"1200\" src=\"https:\/\/www.musee-louis-derbre.com\/wp-content\/uploads\/2024\/04\/chateau-conon-evenements-professionels-2.jpg\" class=\"attachment-full size-full wp-image-502\" alt=\"\" srcset=\"https:\/\/www.musee-louis-derbre.com\/wp-content\/uploads\/2024\/04\/chateau-conon-evenements-professionels-2.jpg 1800w, https:\/\/www.musee-louis-derbre.com\/wp-content\/uploads\/2024\/04\/chateau-conon-evenements-professionels-2-300x200.jpg 300w, https:\/\/www.musee-louis-derbre.com\/wp-content\/uploads\/2024\/04\/chateau-conon-evenements-professionels-2-1024x683.jpg 1024w, https:\/\/www.musee-louis-derbre.com\/wp-content\/uploads\/2024\/04\/chateau-conon-evenements-professionels-2-768x512.jpg 768w, https:\/\/www.musee-louis-derbre.com\/wp-content\/uploads\/2024\/04\/chateau-conon-evenements-professionels-2-1536x1024.jpg 1536w\" sizes=\"(max-width: 1800px) 100vw, 1800px\" \/>\t\t\t\t\t\t\t\t\t\t\t\t\t\t\t<\/div>\n\t\t\t\t<\/div>\n\t\t\t\t\t<\/div>\n\t\t\t\t<\/div>\n\t\t\t\t<\/div>\n\t\t<div class=\"elementor-element elementor-element-8273e42 e-con-full elementor-hidden-desktop elementor-hidden-tablet elementor-hidden-mobile e-flex e-con e-parent\" data-id=\"8273e42\" data-element_type=\"container\">\n\t\t<div class=\"elementor-element elementor-element-2e94233 e-flex e-con-boxed e-con e-child\" data-id=\"2e94233\" data-element_type=\"container\">\n\t\t\t\t\t<div class=\"e-con-inner\">\n\t\t\t\t<div class=\"elementor-element elementor-element-c4595cd elementor-widget elementor-widget-heading\" data-id=\"c4595cd\" data-element_type=\"widget\" data-widget_type=\"heading.default\">\n\t\t\t\t<div class=\"elementor-widget-container\">\n\t\t\t\t\t<h2 class=\"elementor-heading-title elementor-size-default\">Ils parlent de nous...<\/h2>\t\t\t\t<\/div>\n\t\t\t\t<\/div>\n\t\t\t\t\t<\/div>\n\t\t\t\t<\/div>\n\t\t\t\t<\/div>\n\t\t<div class=\"elementor-element elementor-element-220195f e-flex e-con-boxed e-con e-parent\" data-id=\"220195f\" data-element_type=\"container\">\n\t\t\t\t\t<div class=\"e-con-inner\">\n\t\t\t\t<div class=\"elementor-element elementor-element-d9e7cac elementor-button-align-stretch elementor-widget elementor-widget-form\" data-id=\"d9e7cac\" data-element_type=\"widget\" data-settings=\"{&quot;step_next_label&quot;:&quot;Suivant&quot;,&quot;step_previous_label&quot;:&quot;Pr\\u00e9c\\u00e9dent&quot;,&quot;button_width&quot;:&quot;100&quot;,&quot;step_type&quot;:&quot;number_text&quot;,&quot;step_icon_shape&quot;:&quot;circle&quot;}\" data-widget_type=\"form.default\">\n\t\t\t\t<div class=\"elementor-widget-container\">\n\t\t\t\t\t\t\t<form class=\"elementor-form\" method=\"post\" name=\"Nouveau formulaire\" aria-label=\"Nouveau formulaire\" action=\"\">\n\t\t\t<input type=\"hidden\" name=\"post_id\" value=\"278\"\/>\n\t\t\t<input type=\"hidden\" name=\"form_id\" value=\"d9e7cac\"\/>\n\t\t\t<input type=\"hidden\" name=\"referer_title\" value=\"Ev\u00e9nements-professionnels - Mus\u00e9e-Promenade Louis Derbr\u00e9\" \/>\n\n\t\t\t\t\t\t\t<input type=\"hidden\" name=\"queried_id\" value=\"278\"\/>\n\t\t\t\n\t\t\t<div class=\"elementor-form-fields-wrapper elementor-labels-above\">\n\t\t\t\t\t\t\t\t<div class=\"elementor-field-type-text elementor-field-group elementor-column elementor-field-group-name elementor-col-100\">\n\t\t\t\t\t\t\t\t\t\t\t\t<label for=\"form-field-name\" class=\"elementor-field-label\">\n\t\t\t\t\t\t\t\tNom\t\t\t\t\t\t\t<\/label>\n\t\t\t\t\t\t\t\t\t\t\t\t\t\t<input size=\"1\" type=\"text\" name=\"form_fields[name]\" id=\"form-field-name\" class=\"elementor-field elementor-size-sm  elementor-field-textual\" placeholder=\"Nom\">\n\t\t\t\t\t\t\t\t\t\t\t<\/div>\n\t\t\t\t\t\t\t\t<div class=\"elementor-field-type-email elementor-field-group elementor-column elementor-field-group-email elementor-col-100 elementor-field-required\">\n\t\t\t\t\t\t\t\t\t\t\t\t<label for=\"form-field-email\" class=\"elementor-field-label\">\n\t\t\t\t\t\t\t\tE-mail\t\t\t\t\t\t\t<\/label>\n\t\t\t\t\t\t\t\t\t\t\t\t\t\t<input size=\"1\" type=\"email\" name=\"form_fields[email]\" id=\"form-field-email\" class=\"elementor-field elementor-size-sm  elementor-field-textual\" placeholder=\"E-mail\" required=\"required\">\n\t\t\t\t\t\t\t\t\t\t\t<\/div>\n\t\t\t\t\t\t\t\t<div class=\"elementor-field-type-textarea elementor-field-group elementor-column elementor-field-group-message elementor-col-100\">\n\t\t\t\t\t\t\t\t\t\t\t\t<label for=\"form-field-message\" class=\"elementor-field-label\">\n\t\t\t\t\t\t\t\tMessage\t\t\t\t\t\t\t<\/label>\n\t\t\t\t\t\t<textarea class=\"elementor-field-textual elementor-field  elementor-size-sm\" name=\"form_fields[message]\" id=\"form-field-message\" rows=\"4\" placeholder=\"Message\"><\/textarea>\t\t\t\t<\/div>\n\t\t\t\t\t\t\t\t<div class=\"elementor-field-group elementor-column elementor-field-type-submit elementor-col-100 e-form__buttons\">\n\t\t\t\t\t<button class=\"elementor-button elementor-size-sm\" type=\"submit\">\n\t\t\t\t\t\t<span class=\"elementor-button-content-wrapper\">\n\t\t\t\t\t\t\t\t\t\t\t\t\t\t\t\t\t\t\t\t\t\t<span class=\"elementor-button-text\">Envoyer<\/span>\n\t\t\t\t\t\t\t\t\t\t\t\t\t<\/span>\n\t\t\t\t\t<\/button>\n\t\t\t\t<\/div>\n\t\t\t<\/div>\n\t\t<input type=\"hidden\" name=\"trp-form-language\" value=\"en\"\/><\/form>\n\t\t\t\t\t\t<\/div>\n\t\t\t\t<\/div>\n\t\t\t\t\t<\/div>\n\t\t\t\t<\/div>\n\t\t\t\t<\/div>","protected":false},"excerpt":{"rendered":"<p>\u00e9v\u00e9nements professionnels au ch\u00e2teau de conon Le site du ch\u00e2teau de conon Bienvenue au Ch\u00e2teau de Conon, un lieu d&rsquo;exception o\u00f9 l&rsquo;histoire, l&rsquo;art et le professionnalisme se rencontrent pour offrir une exp\u00e9rience unique pour vos \u00e9v\u00e9nements d&rsquo;entreprise. Nich\u00e9 \u00e0 Cellettes, dans le d\u00e9partement du Loir-et-Cher (41), \u00e0 seulement 20 minutes au sud de Blois, notre&#8230;<\/p>","protected":false},"author":1,"featured_media":0,"parent":0,"menu_order":0,"comment_status":"closed","ping_status":"closed","template":"","meta":{"inline_featured_image":false,"_kad_post_transparent":"","_kad_post_title":"hide","_kad_post_layout":"fullwidth","_kad_post_sidebar_id":"","_kad_post_content_style":"unboxed","_kad_post_vertical_padding":"hide","_kad_post_feature":"hide","_kad_post_feature_position":"","_kad_post_header":false,"_kad_post_footer":false,"_kad_post_classname":"","footnotes":""},"class_list":["post-278","page","type-page","status-publish","hentry"],"_links":{"self":[{"href":"https:\/\/www.musee-louis-derbre.com\/en\/wp-json\/wp\/v2\/pages\/278","targetHints":{"allow":["GET"]}}],"collection":[{"href":"https:\/\/www.musee-louis-derbre.com\/en\/wp-json\/wp\/v2\/pages"}],"about":[{"href":"https:\/\/www.musee-louis-derbre.com\/en\/wp-json\/wp\/v2\/types\/page"}],"author":[{"embeddable":true,"href":"https:\/\/www.musee-louis-derbre.com\/en\/wp-json\/wp\/v2\/users\/1"}],"replies":[{"embeddable":true,"href":"https:\/\/www.musee-louis-derbre.com\/en\/wp-json\/wp\/v2\/comments?post=278"}],"version-history":[{"count":97,"href":"https:\/\/www.musee-louis-derbre.com\/en\/wp-json\/wp\/v2\/pages\/278\/revisions"}],"predecessor-version":[{"id":1990,"href":"https:\/\/www.musee-louis-derbre.com\/en\/wp-json\/wp\/v2\/pages\/278\/revisions\/1990"}],"wp:attachment":[{"href":"https:\/\/www.musee-louis-derbre.com\/en\/wp-json\/wp\/v2\/media?parent=278"}],"curies":[{"name":"wp","href":"https:\/\/api.w.org\/{rel}","templated":true}]}}